{"id":5704,"date":"2021-05-10T01:25:55","date_gmt":"2021-05-09T22:25:55","guid":{"rendered":"https:\/\/invatam-engleza.ro\/?page_id=5704"},"modified":"2021-05-25T01:11:00","modified_gmt":"2021-05-24T22:11:00","slug":"politica-de-confidentialitate","status":"publish","type":"page","link":"https:\/\/invatam-engleza.ro\/index.php\/politica-de-confidentialitate\/","title":{"rendered":"Politic\u0103 de confiden\u021bialitate"},"content":{"rendered":"\t\t<div data-elementor-type=\"wp-page\" data-elementor-id=\"5704\" class=\"elementor elementor-5704\" data-elementor-post-type=\"page\">\n\t\t\t\t\t\t<section class=\"elementor-section elementor-top-section elementor-element elementor-element-59d18b3e elementor-section-boxed elementor-section-height-default elementor-section-height-default\" data-id=\"59d18b3e\" data-element_type=\"section\">\n\t\t\t\t\t\t<div class=\"elementor-container elementor-column-gap-default\">\n\t\t\t\t\t<div class=\"elementor-column elementor-col-100 elementor-top-column elementor-element elementor-element-63a6d61d\" data-id=\"63a6d61d\" data-element_type=\"column\">\n\t\t\t<div class=\"elementor-widget-wrap elementor-element-populated\">\n\t\t\t\t\t\t<div class=\"elementor-element elementor-element-7d343458 elementor-widget elementor-widget-text-editor\" data-id=\"7d343458\" data-element_type=\"widget\" data-widget_type=\"text-editor.default\">\n\t\t\t\t\t\t\t\t\t<h1>POLITIC\u0102 DE CONFIDEN\u021aIALITATE<\/h1>\t\t\t\t\t\t\t\t<\/div>\n\t\t\t\t<div class=\"elementor-element elementor-element-5d20b28 elementor-widget elementor-widget-text-editor\" data-id=\"5d20b28\" data-element_type=\"widget\" data-widget_type=\"text-editor.default\">\n\t\t\t\t\t\t\t\t\t<strong>Cine suntem:<\/strong>\n<br>\nWebsite-ul \u00cenv\u0103\u021b\u0103m-Englez\u0103.ro este de\u021binut \u0219i administrat de c\u0103tre SC ACENTER CURSURI SRL, av\u00e2nd urm\u0103toarele date de identificare:\n<br>\nCod Unic de \u00cenregistrare: 35961835\n<br>\nNr. \u00cenmatriculare: J05\/823\/2016\n<br>\nAdresa: Str. Feleacului, nr. 3, Oradea, Bihor\t\t\t\t\t\t\t\t<\/div>\n\t\t\t\t\t<\/div>\n\t\t<\/div>\n\t\t\t\t\t<\/div>\n\t\t<\/section>\n\t\t\t\t<section class=\"elementor-section elementor-top-section elementor-element elementor-element-a183d4e elementor-section-boxed elementor-section-height-default elementor-section-height-default\" data-id=\"a183d4e\" data-element_type=\"section\">\n\t\t\t\t\t\t<div class=\"elementor-container elementor-column-gap-default\">\n\t\t\t\t\t<div class=\"elementor-column elementor-col-100 elementor-top-column elementor-element elementor-element-9a40256\" data-id=\"9a40256\" data-element_type=\"column\">\n\t\t\t<div class=\"elementor-widget-wrap elementor-element-populated\">\n\t\t\t\t\t\t<div class=\"elementor-element elementor-element-1441645 elementor-widget elementor-widget-text-editor\" data-id=\"1441645\" data-element_type=\"widget\" data-widget_type=\"text-editor.default\">\n\t\t\t\t\t\t\t\t\t<strong>Cine suntem:<\/strong>\n<br>\nWebsite-ul \u00cenv\u0103\u021b\u0103m-Englez\u0103.ro este de\u021binut \u0219i administrat de c\u0103tre SC ACENTER CURSURI SRL, av\u00e2nd urm\u0103toarele date de identificare:\n<br>\nCod Unic de \u00cenregistrare: 35961835\n<br>\nNr. \u00cenmatriculare: J05\/823\/2016\n<br>\nAdresa: Str. Feleacului, nr. 3, Oradea, Bihor\t\t\t\t\t\t\t\t<\/div>\n\t\t\t\t\t<\/div>\n\t\t<\/div>\n\t\t\t\t\t<\/div>\n\t\t<\/section>\n\t\t\t\t<\/div>\n\t\t","protected":false},"excerpt":{"rendered":"<p>POLITIC\u0102 DE CONFIDEN\u021aIALITATE Cine suntem: Website-ul \u00cenv\u0103\u021b\u0103m-Englez\u0103.ro este de\u021binut \u0219i administrat de c\u0103tre SC ACENTER CURSURI SRL, av\u00e2nd urm\u0103toarele date de identificare: Cod Unic de&#8230;<\/p>\n","protected":false},"author":1,"featured_media":0,"parent":0,"menu_order":0,"comment_status":"closed","ping_status":"closed","template":"","meta":{"footnotes":""},"class_list":["post-5704","page","type-page","status-publish","hentry"],"_links":{"self":[{"href":"https:\/\/invatam-engleza.ro\/index.php\/wp-json\/wp\/v2\/pages\/5704","targetHints":{"allow":["GET"]}}],"collection":[{"href":"https:\/\/invatam-engleza.ro\/index.php\/wp-json\/wp\/v2\/pages"}],"about":[{"href":"https:\/\/invatam-engleza.ro\/index.php\/wp-json\/wp\/v2\/types\/page"}],"author":[{"embeddable":true,"href":"https:\/\/invatam-engleza.ro\/index.php\/wp-json\/wp\/v2\/users\/1"}],"replies":[{"embeddable":true,"href":"https:\/\/invatam-engleza.ro\/index.php\/wp-json\/wp\/v2\/comments?post=5704"}],"version-history":[{"count":7,"href":"https:\/\/invatam-engleza.ro\/index.php\/wp-json\/wp\/v2\/pages\/5704\/revisions"}],"predecessor-version":[{"id":6163,"href":"https:\/\/invatam-engleza.ro\/index.php\/wp-json\/wp\/v2\/pages\/5704\/revisions\/6163"}],"wp:attachment":[{"href":"https:\/\/invatam-engleza.ro\/index.php\/wp-json\/wp\/v2\/media?parent=5704"}],"curies":[{"name":"wp","href":"https:\/\/api.w.org\/{rel}","templated":true}]}}