{"id":2170,"date":"2016-05-23T08:59:13","date_gmt":"2016-05-23T05:59:13","guid":{"rendered":"http:\/\/8theme.com\/import\/xstore\/?page_id=2170"},"modified":"2025-03-12T18:17:33","modified_gmt":"2025-03-12T16:17:33","slug":"acasa","status":"publish","type":"page","link":"https:\/\/invatam-engleza.ro\/","title":{"rendered":"Acasa"},"content":{"rendered":"\t\t<div data-elementor-type=\"wp-page\" data-elementor-id=\"2170\" class=\"elementor elementor-2170\" data-elementor-post-type=\"page\">\n\t\t\t\t\t\t<section class=\"elementor-section elementor-top-section elementor-element elementor-element-1e0ab5f elementor-section-boxed elementor-section-height-default elementor-section-height-default\" data-id=\"1e0ab5f\" data-element_type=\"section\">\n\t\t\t\t\t\t<div class=\"elementor-container elementor-column-gap-default\">\n\t\t\t\t\t\t<\/div>\n\t\t<\/section>\n\t\t\t\t<section class=\"elementor-section elementor-top-section elementor-element elementor-element-5932c35 elementor-section-content-middle elementor-section-boxed elementor-section-height-default elementor-section-height-default elementor-invisible\" data-id=\"5932c35\" data-element_type=\"section\" data-settings=\"{&quot;animation&quot;:&quot;fadeInUp&quot;}\">\n\t\t\t\t\t\t<div class=\"elementor-container elementor-column-gap-no\">\n\t\t\t\t\t<div class=\"elementor-column elementor-col-50 elementor-top-column elementor-element elementor-element-e61c024\" data-id=\"e61c024\" data-element_type=\"column\">\n\t\t\t<div class=\"elementor-widget-wrap elementor-element-populated\">\n\t\t\t\t\t\t<div class=\"elementor-element elementor-element-b9ef7bb elementor-pagination-position-outside elementor-widget elementor-widget-image-carousel\" data-id=\"b9ef7bb\" data-element_type=\"widget\" data-settings=\"{&quot;slides_to_show&quot;:&quot;1&quot;,&quot;navigation&quot;:&quot;dots&quot;,&quot;autoplay&quot;:&quot;no&quot;,&quot;infinite&quot;:&quot;no&quot;,&quot;effect&quot;:&quot;slide&quot;,&quot;speed&quot;:500}\" data-widget_type=\"image-carousel.default\">\n\t\t\t\t\t\t\t<div class=\"elementor-image-carousel-wrapper swiper\" role=\"region\" aria-roledescription=\"carousel\" aria-label=\"Carusel de imagini\" dir=\"ltr\">\n\t\t\t<div class=\"elementor-image-carousel swiper-wrapper\" aria-live=\"polite\">\n\t\t\t\t\t\t\t\t<div class=\"swiper-slide\" role=\"group\" aria-roledescription=\"slide\" aria-label=\"1 din 1\"><figure class=\"swiper-slide-inner\"><img decoding=\"async\" class=\"swiper-slide-image\" src=\"https:\/\/invatam-engleza.ro\/wp-content\/uploads\/2021\/05\/o-boaba-de-engleza-curs-limba-engleza-adulti-incepatori-carte-ebook-audio.jpeg\" alt=\"Curs de limba englez\u0103 pentru adul\u021bi, \u00eencep\u0103tori.\" \/><\/figure><\/div>\t\t\t<\/div>\n\t\t\t\t\t<\/div>\n\t\t\t\t\t\t<\/div>\n\t\t\t\t\t<\/div>\n\t\t<\/div>\n\t\t\t\t<div class=\"elementor-column elementor-col-50 elementor-top-column elementor-element elementor-element-87b0627\" data-id=\"87b0627\" data-element_type=\"column\">\n\t\t\t<div class=\"elementor-widget-wrap elementor-element-populated\">\n\t\t\t\t\t\t<div class=\"elementor-element elementor-element-c1c6936 elementor-widget elementor-widget-heading\" data-id=\"c1c6936\" data-element_type=\"widget\" data-widget_type=\"heading.default\">\n\t\t\t\t\t<h1 class=\"elementor-heading-title elementor-size-xl\">O boab\u0103 de englez\u0103<\/h1>\t\t\t\t<\/div>\n\t\t\t\t<div class=\"elementor-element elementor-element-8ecbc45 elementor-widget elementor-widget-heading\" data-id=\"8ecbc45\" data-element_type=\"widget\" data-widget_type=\"heading.default\">\n\t\t\t\t\t<h4 class=\"elementor-heading-title elementor-size-xl\">Carte de limba englez\u0103 \u00een format digital (PDF - A4) cu suport audio inclus. 320 de pagini si peste 2 ore de audio.<\/h4>\t\t\t\t<\/div>\n\t\t\t\t<div class=\"elementor-element elementor-element-a8ddeb9 elementor-widget elementor-widget-heading\" data-id=\"a8ddeb9\" data-element_type=\"widget\" data-widget_type=\"heading.default\">\n\t\t\t\t\t<h2 class=\"elementor-heading-title elementor-size-default\">PRE\u021a: 65 LEI<\/h2>\t\t\t\t<\/div>\n\t\t\t\t<div class=\"elementor-element elementor-element-e1643e3 elementor-widget elementor-widget-heading\" data-id=\"e1643e3\" data-element_type=\"widget\" data-widget_type=\"heading.default\">\n\t\t\t\t\t<h2 class=\"elementor-heading-title elementor-size-default\">Cu ce v\u0103 poate ajut\u0103 acest curs \u00een format digital (PDF):<\/h2>\t\t\t\t<\/div>\n\t\t\t\t<div class=\"elementor-element elementor-element-db72620 elementor-widget-mobile__width-initial elementor-widget elementor-widget-text-editor\" data-id=\"db72620\" data-element_type=\"widget\" data-widget_type=\"text-editor.default\">\n\t\t\t\t\t\t\t\t\t\u00cenv\u0103\u021ba\u021bi limba englez\u0103 f\u0103r\u0103 profesor. Cump\u0103ra\u021bi cursul nostru de limba englez\u0103 pentru \u00eencep\u0103tori \u00een format digital (PDF &#8211; A4), cu suport audio inclus.\n<br><br>\nAcest curs \u00een format digital (PDF &#8211; A4) se adreseaz\u0103 adul\u021bilor de nivel \u00eencep\u0103tor care doresc s\u0103 \u00eenve\u021be s\u0103 comunice \u00een limba englez\u0103.\n<br><br>\nDac\u0103 dori\u021bi s\u0103 \u00eenv\u0103\u021ba\u021bi limba englez\u0103 pentru c\u0103l\u0103torii \u00een str\u0103in\u0103tate, sau pur \u0219i simplu pentru dezvoltarea personal\u0103, <em><strong>O boab\u0103 de englez\u0103<\/strong><\/em> v\u0103 ofer\u0103 vocabularul \u0219i gramatica de care ave\u021bi nevoie pentru a face fa\u021b\u0103 oric\u0103rei situa\u021bii de interes imediat.\t\t\t\t\t\t\t\t<\/div>\n\t\t\t\t<div class=\"elementor-element elementor-element-7b420f3 elementor-align-left elementor-mobile-align-center elementor-widget elementor-widget-button\" data-id=\"7b420f3\" data-element_type=\"widget\" data-widget_type=\"button.default\">\n\t\t\t\t\t\t\t\t\t\t<a class=\"elementor-button elementor-button-link elementor-size-xl\" href=\"?add-to-cart=5569\">\n\t\t\t\t\t\t<span class=\"elementor-button-content-wrapper\">\n\t\t\t\t\t\t\t\t\t<span class=\"elementor-button-text\">Adaug\u0103 \u00een co\u0219<\/span>\n\t\t\t\t\t<\/span>\n\t\t\t\t\t<\/a>\n\t\t\t\t\t\t\t\t<\/div>\n\t\t\t\t\t<\/div>\n\t\t<\/div>\n\t\t\t\t\t<\/div>\n\t\t<\/section>\n\t\t\t\t<section class=\"elementor-section elementor-top-section elementor-element elementor-element-c584e3f elementor-section-boxed elementor-section-height-default elementor-section-height-default elementor-invisible\" data-id=\"c584e3f\" data-element_type=\"section\" data-settings=\"{&quot;animation&quot;:&quot;fadeInUp&quot;}\">\n\t\t\t\t\t\t<div class=\"elementor-container elementor-column-gap-default\">\n\t\t\t\t\t<div class=\"elementor-column elementor-col-100 elementor-top-column elementor-element elementor-element-8d4baab\" data-id=\"8d4baab\" data-element_type=\"column\">\n\t\t\t<div class=\"elementor-widget-wrap elementor-element-populated\">\n\t\t\t\t\t\t<div class=\"elementor-element elementor-element-96850fb elementor-widget elementor-widget-video\" data-id=\"96850fb\" data-element_type=\"widget\" data-settings=\"{&quot;youtube_url&quot;:&quot;https:\\\/\\\/youtu.be\\\/ofZ1H4TiXog&quot;,&quot;show_image_overlay&quot;:&quot;yes&quot;,&quot;image_overlay&quot;:{&quot;url&quot;:&quot;https:\\\/\\\/invatam-engleza.ro\\\/wp-content\\\/uploads\\\/2021\\\/05\\\/O-boaba-de-engleza-curs-de-limba-engleza-pentru-adulti-incepatori-nou.jpg&quot;,&quot;id&quot;:6298,&quot;size&quot;:&quot;&quot;},&quot;video_type&quot;:&quot;youtube&quot;,&quot;controls&quot;:&quot;yes&quot;}\" data-widget_type=\"video.default\">\n\t\t\t\t\t\t\t<div class=\"elementor-wrapper elementor-open-inline\">\n\t\t\t<div class=\"elementor-video\"><\/div>\t\t\t\t<div class=\"elementor-custom-embed-image-overlay\" style=\"background-image: url(https:\/\/invatam-engleza.ro\/wp-content\/uploads\/2021\/05\/O-boaba-de-engleza-curs-de-limba-engleza-pentru-adulti-incepatori-nou.jpg);\">\n\t\t\t\t\t\t\t\t\t\t\t\t\t\t\t\t<div class=\"elementor-custom-embed-play\" role=\"button\" aria-label=\"Ruleaz\u0103 videoul\" tabindex=\"0\">\n\t\t\t\t\t\t\t<i aria-hidden=\"true\" class=\"eicon-play\"><\/i>\t\t\t\t\t\t<\/div>\n\t\t\t\t\t\t\t\t\t<\/div>\n\t\t\t\t\t<\/div>\n\t\t\t\t\t\t<\/div>\n\t\t\t\t\t<\/div>\n\t\t<\/div>\n\t\t\t\t\t<\/div>\n\t\t<\/section>\n\t\t\t\t<section class=\"elementor-section elementor-top-section elementor-element elementor-element-8b44449 elementor-section-boxed elementor-section-height-default elementor-section-height-default elementor-invisible\" data-id=\"8b44449\" data-element_type=\"section\" data-settings=\"{&quot;animation&quot;:&quot;fadeInUp&quot;}\">\n\t\t\t\t\t\t<div class=\"elementor-container elementor-column-gap-no\">\n\t\t\t\t\t<div class=\"elementor-column elementor-col-33 elementor-top-column elementor-element elementor-element-ec504a7\" data-id=\"ec504a7\" data-element_type=\"column\">\n\t\t\t<div class=\"elementor-widget-wrap\">\n\t\t\t\t\t\t\t<\/div>\n\t\t<\/div>\n\t\t\t\t<div class=\"elementor-column elementor-col-33 elementor-top-column elementor-element elementor-element-e3ceff0\" data-id=\"e3ceff0\" data-element_type=\"column\">\n\t\t\t<div class=\"elementor-widget-wrap elementor-element-populated\">\n\t\t\t\t\t\t<div class=\"elementor-element elementor-element-7182e64 elementor-widget elementor-widget-heading\" data-id=\"7182e64\" data-element_type=\"widget\" data-widget_type=\"heading.default\">\n\t\t\t\t\t<h4 class=\"elementor-heading-title elementor-size-medium\">Detalii despre ebook<\/h4>\t\t\t\t<\/div>\n\t\t\t\t<div class=\"elementor-element elementor-element-1d8f1f2 elementor-widget elementor-widget-text-editor\" data-id=\"1d8f1f2\" data-element_type=\"widget\" data-widget_type=\"text-editor.default\">\n\t\t\t\t\t\t\t\t\t<p>G\u0103si\u021bi mai jos mai multe detalii despre ce pute\u021bi g\u0103si \u00een acest ebook (curs de limba englez\u0103 \u00een format digital cu suport audio inclus).<\/p>\t\t\t\t\t\t\t\t<\/div>\n\t\t\t\t\t<\/div>\n\t\t<\/div>\n\t\t\t\t<div class=\"elementor-column elementor-col-33 elementor-top-column elementor-element elementor-element-c011981\" data-id=\"c011981\" data-element_type=\"column\">\n\t\t\t<div class=\"elementor-widget-wrap\">\n\t\t\t\t\t\t\t<\/div>\n\t\t<\/div>\n\t\t\t\t\t<\/div>\n\t\t<\/section>\n\t\t\t\t<section class=\"elementor-section elementor-top-section elementor-element elementor-element-1dfe61d elementor-section-boxed elementor-section-height-default elementor-section-height-default elementor-invisible\" data-id=\"1dfe61d\" data-element_type=\"section\" data-settings=\"{&quot;background_background&quot;:&quot;classic&quot;,&quot;animation&quot;:&quot;fadeInUp&quot;}\">\n\t\t\t\t\t\t<div class=\"elementor-container elementor-column-gap-default\">\n\t\t\t\t\t<div class=\"elementor-column elementor-col-100 elementor-top-column elementor-element elementor-element-aa8ca17\" data-id=\"aa8ca17\" data-element_type=\"column\">\n\t\t\t<div class=\"elementor-widget-wrap elementor-element-populated\">\n\t\t\t\t\t\t<div class=\"elementor-element elementor-element-d6a8a0c elementor-widget elementor-widget-et-general-tabs\" data-id=\"d6a8a0c\" data-element_type=\"widget\" data-widget_type=\"et-general-tabs.default\">\n\t\t\t\t<div class=\"elementor-widget-container\">\n\t\t\t\t\t        <div id=\"et-advance-tabs-d6a8a0c\" class=\"et-advance-tabs et-tabs-vertical vertical-style-2 \" data-tabid=\"d6a8a0c\">\r\n            <div class=\"et-tabs-nav\">\r\n                <ul >\r\n\t\t\t\t\t                        <li class=\" et-tab-nav\"\r\n                            >\r\n                            \t\t\t\t\t\t\t\t                        \t\t\t\t\t\t\t\t\t\t\t\t\t\t                                <span class=\"et-tab-title\">\r\n    \t\t\t\t\t\t\t\tDescriere ebook    \t\t\t\t\t\t\t<\/span>\r\n\t\t\t\t\t\t\t                        <\/li>\r\n\t\t\t\t\t                        <li class=\"inactive et-tab-nav\"\r\n                            >\r\n                            \t\t\t\t\t\t\t\t                        \t\t\t\t\t\t\t\t\t\t\t\t\t\t                                <span class=\"et-tab-title\">\r\n    \t\t\t\t\t\t\t\tSpecifica\u021bii    \t\t\t\t\t\t\t<\/span>\r\n\t\t\t\t\t\t\t                        <\/li>\r\n\t\t\t\t\t                        <li class=\"inactive et-tab-nav\"\r\n                            >\r\n                            \t\t\t\t\t\t\t\t                        \t\t\t\t\t\t\t\t\t\t\t\t\t\t                                <span class=\"et-tab-title\">\r\n    \t\t\t\t\t\t\t\tMostr\u0103    \t\t\t\t\t\t\t<\/span>\r\n\t\t\t\t\t\t\t                        <\/li>\r\n\t\t\t\t\t                <\/ul>\r\n                            <\/div>\r\n            <div class=\"et-tabs-content\">\r\n\t\t\t\t                    <div class=\"clearfix \">\r\n\t\t\t\t\t\t<strong>Iat\u0103 cum v\u0103 poate ajuta cursul nostru de limba englez\u0103 \u00een format digital (PDF + suport audio inclus) s\u0103 \u00eenv\u0103\u021ba\u021bi limba englez\u0103 f\u0103r\u0103 profesor:<\/strong>\n<br><br>\n35 de lec\u021bii care v\u0103 vor ajuta s\u0103 comunica\u021bi eficient \u00een limba englez\u0103.\n<br><br>\nPeste 2500 de cuvinte cu traducerea lor \u00een limba rom\u00e2n\u0103, \u00eenso\u021bite de suport audio pentru \u00eensu\u0219irea pronun\u021biei.\n<br><br>\nNo\u021biuni de gramatic\u0103 de baz\u0103 explicate pe \u00een\u021belesul tuturor.\n<br><br>\nDialoguri accesibile \u00eencep\u0103torilor cu un num\u0103r limitat de cuvinte:\n<br>\n\u2022 la restaurant, la cump\u0103r\u0103turi, la aeroport, la hotel.\n<br><br>\nPeste 600 de exerci\u021bii pentru fixarea cuno\u0219tin\u021belor dob\u00e2ndite:\n<br>\n\u2022 Exerci\u021bii pentru formarea automatismelor \u00een conversa\u021bie;\n<br>\n\u2022 Exerci\u021bii de ascultare \u0219i completare;\n<br>\n\u2022 Exerci\u021bii pentru \u00eenv\u0103\u021barea vocabularului \u0219i \u00eembun\u0103t\u0103\u021birea abilit\u0103\u021bilor de scriere;\n<br>\n\u2022 Exerci\u021bii pentru fixarea no\u021biunilor de gramatic\u0103;\n<br>\n\u2022 Traduceri;\n<br><br>\nPlan\u0219e care v\u0103 vor ajuta s\u0103 re\u021bine\u021bi no\u021biunile de gramatic\u0103.\n<br><br>\n8 teste finale pentru verificarea cuno\u0219tin\u021belor acumulate.\n<br><br>\nCheia exerci\u021biilor.                    <\/div>\r\n\t\t\t\t                    <div class=\"clearfix inactive\">\r\n\t\t\t\t\t\t<strong>Ebook-ul con\u021bine elemente interactive si anume:<\/strong>\n<br>\n\u2022 Pute\u021bi naviga pe paginile PDF-ului prin intermediul linkurilor ata\u0219ate cuprinsului.\n<br>\n\u2022 Pute\u021bi deschide componentele audio din interiorul PDF-ului prin intermediul click-ului. Componentele audio sunt semnalizate prin intermediul unei iconi\u021be de tip \"CD\".\n<br><br>\n<strong>Programe recomandate<\/strong>\n<br>\nProgramele de mai jos sunt gratuite \u0219i e recomandat s\u0103 le instala\u021bi dac\u0103 dori\u021bi s\u0103 beneficia\u021bi de \u00eentreag\u0103 experien\u021b\u0103 pe care vi-o poate oferi cartea noastr\u0103 de limba englez\u0103 \u00een format digital.\n<br><br>\n<a style=\"text-decoration: underline;\" href=\"https:\/\/www.foxit.com\/downloads\/#Foxit-Reader\/\" target=\"_blank\" rel=\"noopener\">Foxit PDF Reader<\/a>\n<br>\nFoxit Reader va permite s\u0103 deschide\u021bi componentele audio direct din carte, \u0219i de asemenea va ofer\u0103 posibilitatea de a insera text direct \u00een PDF, lucru care este util \u00een momentul \u00een care face\u021bi exerci\u021bii.\n<br><br>\n<a style=\"text-decoration: underline;\" href=\"https:\/\/www.videolan.org\/\" target=\"_blank\" rel=\"noopener\">VLC Player<\/a>\n<br>\nVLC Player este un media player care va permite s\u0103 asculta\u021bi fi\u0219ierele audio. \u00cen cazul \u00een care ave\u021bi un media player deja instalat, nu mai e nevoie s\u0103 instala\u021bi VLC Player.\n<br><br>\n\u00cen momentul \u00een care finaliza\u021bi comanda, ve\u021bi primi un link de download sub forma unei arhive, care va con\u021bine at\u00e2t ebook-ul \u00een format PDF, c\u00e2t \u0219i partea de audio. Arhiva va trebui dezarhivat\u0103 dup\u0103 desc\u0103rcare.\n<br><br>\n\u00cen cazul \u00een care ave\u021bi nel\u0103muriri ulterioare, ne pute\u021bi contacta folosind <a style=\"text-decoration: underline;\" href=\"https:\/\/invatam-engleza.ro\/index.php\/contact\/\" target=\"_blank\" rel=\"noopener\">formularul de pe site<\/a>, sau direct la info@invatam-engleza.ro\n<br><br>\nAp\u0103rut la: SC ACENTER CURSURI SRL\n<br>\nAnul apari\u021biei: 2021\n<br>\nNr. pagini: 320 (A4)\n<br>\nFormat: PDF - A4\n<br>\nDurat\u0103 audio: 02:23:07\n<br>\nInregistrare audio: Pro Sound Studio - Oradea\n<br>\nDesign: SC COLORS ART DESIGN CONCEPT SRL\n<br>\nISBN EBOOK: 978-973-0-34460-8.\n<br>\nISBN AUDIO: 978-973-0-34461-5.                    <\/div>\r\n\t\t\t\t                    <div class=\"clearfix inactive\">\r\n\t\t\t\t\t\tMai jos pute\u021bi reg\u0103si o mostr\u0103 cu o selec\u021bie de pagini.\n<br><br>\n<span style=\"text-decoration: underline;\"><a href=\"https:\/\/invatam-engleza.ro\/wp-content\/uploads\/2021\/05\/mostra-o-boaba-de-engleza-912180111294.pdf\" target=\"_blank\" rel=\"noopener\"><strong>DESCARC\u0102 MOSTR\u0102<\/strong><\/a><\/span>                    <\/div>\r\n\t\t\t\t            <\/div>\r\n        <\/div>\r\n\t\t\t\t\t\t<\/div>\n\t\t\t\t<\/div>\n\t\t\t\t\t<\/div>\n\t\t<\/div>\n\t\t\t\t\t<\/div>\n\t\t<\/section>\n\t\t\t\t<section class=\"elementor-section elementor-top-section elementor-element elementor-element-d094f85 elementor-section-boxed elementor-section-height-default elementor-section-height-default elementor-invisible\" data-id=\"d094f85\" data-element_type=\"section\" data-settings=\"{&quot;animation&quot;:&quot;fadeInUp&quot;}\">\n\t\t\t\t\t\t<div class=\"elementor-container elementor-column-gap-no\">\n\t\t\t\t\t<div class=\"elementor-column elementor-col-33 elementor-top-column elementor-element elementor-element-e3ec5a7\" data-id=\"e3ec5a7\" data-element_type=\"column\">\n\t\t\t<div class=\"elementor-widget-wrap\">\n\t\t\t\t\t\t\t<\/div>\n\t\t<\/div>\n\t\t\t\t<div class=\"elementor-column elementor-col-33 elementor-top-column elementor-element elementor-element-d651c7c\" data-id=\"d651c7c\" data-element_type=\"column\">\n\t\t\t<div class=\"elementor-widget-wrap elementor-element-populated\">\n\t\t\t\t\t\t<div class=\"elementor-element elementor-element-fcfa3d9 elementor-widget elementor-widget-heading\" data-id=\"fcfa3d9\" data-element_type=\"widget\" data-widget_type=\"heading.default\">\n\t\t\t\t\t<h4 class=\"elementor-heading-title elementor-size-medium\">CE SPUN CEI CE AU CUMP\u0102RAT EBOOK-UL\u200b<\/h4>\t\t\t\t<\/div>\n\t\t\t\t<div class=\"elementor-element elementor-element-7804e2a elementor-widget elementor-widget-text-editor\" data-id=\"7804e2a\" data-element_type=\"widget\" data-widget_type=\"text-editor.default\">\n\t\t\t\t\t\t\t\t\t<p>Va invit\u0103m s\u0103 citi\u021bi recenziile celor ce au cump\u0103rat ebook-ul nostru.<\/p>\t\t\t\t\t\t\t\t<\/div>\n\t\t\t\t\t<\/div>\n\t\t<\/div>\n\t\t\t\t<div class=\"elementor-column elementor-col-33 elementor-top-column elementor-element elementor-element-7d38a3f\" data-id=\"7d38a3f\" data-element_type=\"column\">\n\t\t\t<div class=\"elementor-widget-wrap\">\n\t\t\t\t\t\t\t<\/div>\n\t\t<\/div>\n\t\t\t\t\t<\/div>\n\t\t<\/section>\n\t\t\t\t<section class=\"elementor-section elementor-top-section elementor-element elementor-element-ea678aa elementor-section-boxed elementor-section-height-default elementor-section-height-default elementor-invisible\" data-id=\"ea678aa\" data-element_type=\"section\" data-settings=\"{&quot;animation&quot;:&quot;fadeInUp&quot;}\">\n\t\t\t\t\t\t<div class=\"elementor-container elementor-column-gap-no\">\n\t\t\t\t\t<div class=\"elementor-column elementor-col-100 elementor-top-column elementor-element elementor-element-00d36d3\" data-id=\"00d36d3\" data-element_type=\"column\">\n\t\t\t<div class=\"elementor-widget-wrap elementor-element-populated\">\n\t\t\t\t\t\t<div class=\"elementor-element elementor-element-0ad749a elementor-widget elementor-widget-etheme_slider\" data-id=\"0ad749a\" data-element_type=\"widget\" data-widget_type=\"etheme_slider.default\">\n\t\t\t\t<div class=\"elementor-widget-container\">\n\t\t\t\t\t\r\n\t\t<div class=\"swiper-entry et-slider  slider-3135 etheme-css\" data-css=\".slider-3135 .swiper-custom-left,  .slider-3135 .swiper-custom-right{color:#252525 !important;background-color: rgba(225, 225, 225, 0) !important} .slider-3135 .swiper-custom-left:hover,  .slider-3135 .swiper-custom-right:hover{background-color: rgba(225, 225, 225, 0) !important}\">\r\n\t\t\t<div class=\"swiper-container \" data-centeredSlides=\"1\" data-breakpoints=\"1\" data-xs-slides=\"1\" data-sm-slides=\"1\" data-md-slides=\"1\" data-lt-slides=\"1\" data-slides-per-view=\"1\" data-space=\"0\" data-autoplay=\"\" data-speed=\"300\" data-effect=\"slide\" data-loop=\"true\">\r\n\t\t\t\t<div class=\"et-loader swiper-lazy-preloader\"><\/div>\r\n\t\t\t\t<!-- Additional required wrapper -->\r\n\t\t\t\t<div class=\"swiper-wrapper\">\r\n\t\t\t\t\t<!-- Slides -->\r\n\t\t\t\t\t<div class=\"swiper-slide\">\t\t<div class=\"slider-item  fadeIn-slide slider-item-6282  elementor-repeater-item-2927c5e\" data-slide-id=\"6282\">\r\n\r\n\t\t\t\t\t\t\r\n\t\t\t<div class=\"container  justify-content-center align-items-center\">\r\n\r\n\t\t\t\t<div class=\"slide-content \">\r\n\r\n\t\t\t\t\t\r\n\t\t\t\t\t<div class=\"description animated\">\r\n\t\t\t\t\t\t<p>Acest curs r\u0103spunde punctual problemelor cu care se confrunt\u0103 un \u00eencep\u0103tor \u00een comunicarea de zi cu zi. Un ajutor real pentru cei care au dificult\u0103\u021bi de exprimare \u00een limba englez\u0103.<\/p>\n<h3 style=\"font-size: 20px; font-family: 'Roboto'; color: #252525; text-transform: none; font-weight: 400;\">Anca - 38 ani (economist)<\/h3>\t\t\r\n\t\t\t\t\t<\/div>\r\n\t\t\r\n\t\t\t\t\t\r\n\t\t\t\t<\/div> \r\n\t\t\t<\/div> \r\n\t   \t<\/div> \t    \r\n\t    <\/div><div class=\"swiper-slide\">\t\t<div class=\"slider-item  fadeIn-slide slider-item-6553  elementor-repeater-item-63ccb57\" data-slide-id=\"6553\">\r\n\r\n\t\t\t\t\t\t\r\n\t\t\t<div class=\"container  justify-content-center align-items-center\">\r\n\r\n\t\t\t\t<div class=\"slide-content \">\r\n\r\n\t\t\t\t\t\r\n\t\t\t\t\t<div class=\"description animated\">\r\n\t\t\t\t\t\t<p>Explica\u021biile oferite sunt u\u0219or de \u00een\u021beles indiferent de nivelul de cuno\u0219tin\u021be gramaticale ale cursantului. Multitudinea de exerci\u021bii m-a ajutat s\u0103 \u00eemi \u00eensu\u0219esc no\u021biunile de gramatic\u0103 f\u0103r\u0103 s\u0103 fiu nevoit\u0103 s\u0103 \u00eenv\u0103\u021b pe de rost.<\/p>\n<h3 style=\"font-size: 20px; font-family: 'Roboto'; color: #252525; text-transform: none; font-weight: 400;\">Elena - 53 ani (lucr\u0103tor comercial)<\/h3>\t\t\r\n\t\t\t\t\t<\/div>\r\n\t\t\r\n\t\t\t\t\t\r\n\t\t\t\t<\/div> \r\n\t\t\t<\/div> \r\n\t   \t<\/div> \t    \r\n\t    <\/div><div class=\"swiper-slide\">\t\t<div class=\"slider-item  fadeIn-slide slider-item-7092  elementor-repeater-item-ae69994\" data-slide-id=\"7092\">\r\n\r\n\t\t\t\t\t\t\r\n\t\t\t<div class=\"container  justify-content-center align-items-center\">\r\n\r\n\t\t\t\t<div class=\"slide-content \">\r\n\r\n\t\t\t\t\t\r\n\t\t\t\t\t<div class=\"description animated\">\r\n\t\t\t\t\t\t<p>Este un curs u\u0219or de parcurs chiar \u0219i pentru cei care nu au avut niciodat\u0103 contact cu limba englez\u0103. Dialogurile sunt special concepute pentru a dezvolta fluen\u021ba \u00een comunicare \u0219i sunt \u00eenso\u021bite de suport audio.<\/p>\n<h3 style=\"font-size: 20px; font-family: 'Roboto'; color: #252525; text-transform: none; font-weight: 400;\">Romi - 59 ani (inginer agronom)<\/h3>\t\t\r\n\t\t\t\t\t<\/div>\r\n\t\t\r\n\t\t\t\t\t\r\n\t\t\t\t<\/div> \r\n\t\t\t<\/div> \r\n\t   \t<\/div> \t    \r\n\t    <\/div><div class=\"swiper-slide\">\t\t<div class=\"slider-item  fadeIn-slide slider-item-4623  elementor-repeater-item-3b3dab8\" data-slide-id=\"4623\">\r\n\r\n\t\t\t\t\t\t\r\n\t\t\t<div class=\"container  justify-content-center align-items-center\">\r\n\r\n\t\t\t\t<div class=\"slide-content \">\r\n\r\n\t\t\t\t\t\r\n\t\t\t\t\t<div class=\"description animated\">\r\n\t\t\t\t\t\t<p>Cartea este structurat\u0103 atent pentru a limita accesul la un num\u0103r foarte mare de cuvinte, expresii \u0219i structuri gramaticale. Este un suport de curs care se pliaz\u0103 perfect pe nevoile \u00eencep\u0103torului.<\/p>\n<h3 style=\"font-size: 20px; font-family: 'Roboto'; color: #252525; text-transform: none; font-weight: 400;\">Maria - 33 ani (profesor lb. englez\u0103)<\/h3>\t\t\r\n\t\t\t\t\t<\/div>\r\n\t\t\r\n\t\t\t\t\t\r\n\t\t\t\t<\/div> \r\n\t\t\t<\/div> \r\n\t   \t<\/div> \t    \r\n\t    <\/div>\t\t\t\t<\/div>\r\n\t\t\t\t\t\t\t\t\t<div class=\"swiper-custom-left swiper-nav\"><\/div>\r\n\t\t\t\t\t<div class=\"swiper-custom-right swiper-nav\"><\/div>\r\n\t\t\t\t\t\t\t<\/div>\r\n\t\t<\/div>\r\n\r\n\t\t\t\t\t\t<\/div>\n\t\t\t\t<\/div>\n\t\t\t\t\t<\/div>\n\t\t<\/div>\n\t\t\t\t\t<\/div>\n\t\t<\/section>\n\t\t\t\t<\/div>\n\t\t","protected":false},"excerpt":{"rendered":"<p>O boab\u0103 de englez\u0103 Carte de limba englez\u0103 \u00een format digital (PDF &#8211; A4) cu suport audio inclus. 320 de pagini si peste 2 ore&#8230;<\/p>\n","protected":false},"author":1,"featured_media":0,"parent":0,"menu_order":0,"comment_status":"closed","ping_status":"closed","template":"","meta":{"footnotes":""},"class_list":["post-2170","page","type-page","status-publish","hentry"],"_links":{"self":[{"href":"https:\/\/invatam-engleza.ro\/index.php\/wp-json\/wp\/v2\/pages\/2170","targetHints":{"allow":["GET"]}}],"collection":[{"href":"https:\/\/invatam-engleza.ro\/index.php\/wp-json\/wp\/v2\/pages"}],"about":[{"href":"https:\/\/invatam-engleza.ro\/index.php\/wp-json\/wp\/v2\/types\/page"}],"author":[{"embeddable":true,"href":"https:\/\/invatam-engleza.ro\/index.php\/wp-json\/wp\/v2\/users\/1"}],"replies":[{"embeddable":true,"href":"https:\/\/invatam-engleza.ro\/index.php\/wp-json\/wp\/v2\/comments?post=2170"}],"version-history":[{"count":424,"href":"https:\/\/invatam-engleza.ro\/index.php\/wp-json\/wp\/v2\/pages\/2170\/revisions"}],"predecessor-version":[{"id":6539,"href":"https:\/\/invatam-engleza.ro\/index.php\/wp-json\/wp\/v2\/pages\/2170\/revisions\/6539"}],"wp:attachment":[{"href":"https:\/\/invatam-engleza.ro\/index.php\/wp-json\/wp\/v2\/media?parent=2170"}],"curies":[{"name":"wp","href":"https:\/\/api.w.org\/{rel}","templated":true}]}}